{"id":9,"date":"2024-04-01T16:28:30","date_gmt":"2024-04-01T08:28:30","guid":{"rendered":"https:\/\/silagemachinery.com\/?page_id=9"},"modified":"2024-04-03T17:53:32","modified_gmt":"2024-04-03T09:53:32","slug":"about-us","status":"publish","type":"page","link":"https:\/\/silagemachinery.com\/es\/about-us\/","title":{"rendered":"Sobre nosotros"},"content":{"rendered":"<h2 class=\"wp-block-heading\"><strong>Acerca de la maquinaria de ensilaje Taizy<\/strong><\/h2>    <p>Taizy Silage Machinery es una reconocida empresa dedicada a la investigaci\u00f3n, desarrollo, fabricaci\u00f3n y venta de equipos agr\u00edcolas de \u00faltima generaci\u00f3n. Establecida en 2011 con una visi\u00f3n audaz de transformar la agricultura global, nuestra misi\u00f3n es empoderar a las comunidades de todo el mundo con maquinaria china innovadora.<\/p>    <figure class=\"wp-block-image size-full\"><img loading=\"lazy\" decoding=\"async\" width=\"720\" height=\"540\" src=\"https:\/\/silagemachinery.com\/wp-content\/uploads\/2024\/04\/Dingtalk_20240401134145.webp\" alt=\"Maquinaria Taizy\" class=\"wp-image-270\" srcset=\"https:\/\/silagemachinery.com\/wp-content\/uploads\/2024\/04\/Dingtalk_20240401134145.webp 720w, https:\/\/silagemachinery.com\/wp-content\/uploads\/2024\/04\/Dingtalk_20240401134145-480x360.webp 480w\" sizes=\"auto, (max-width: 720px) 100vw, 720px\" \/><figcaption class=\"wp-element-caption\">Maquinaria Taizy<\/figcaption><\/figure>    <h2 class=\"wp-block-heading\"><strong>Nuestro compromiso con la excelencia<\/strong><\/h2>    <p>Con m\u00e1s de 30.000 metros cuadrados de talleres avanzados y un equipo de 200 t\u00e9cnicos cualificados, somos firmes en nuestro compromiso de crear m\u00e1quinas y equipos superiores. Cada producto se somete a estrictas medidas de control de calidad para garantizar la durabilidad y el rendimiento.<\/p>    <h2 class=\"wp-block-heading\"><strong>Reconocimiento y alcance global<\/strong><\/h2>    <p>Nuestra maquinaria agr\u00edcola ha ganado reconocimiento tanto a nivel nacional como internacional, particularmente en regiones como \u00c1frica, el sudeste asi\u00e1tico y Am\u00e9rica del Sur. Pa\u00edses como Nigeria, Ghana, Per\u00fa e Indonesia han adoptado nuestros productos por su confiabilidad y eficiencia.<\/p>    <figure class=\"wp-block-gallery has-nested-images columns-default is-cropped wp-block-gallery-1 is-layout-flex wp-block-gallery-is-layout-flex\"> <figure class=\"wp-block-image size-large\"><img loading=\"lazy\" decoding=\"async\" width=\"720\" height=\"540\" data-id=\"266\" src=\"https:\/\/silagemachinery.com\/wp-content\/uploads\/2024\/04\/8897db5468ca15302ba0fed306f7e1f.webp\" alt=\"transporte internacional\" class=\"wp-image-266\" srcset=\"https:\/\/silagemachinery.com\/wp-content\/uploads\/2024\/04\/8897db5468ca15302ba0fed306f7e1f.webp 720w, https:\/\/silagemachinery.com\/wp-content\/uploads\/2024\/04\/8897db5468ca15302ba0fed306f7e1f-480x360.webp 480w\" sizes=\"auto, (max-width: 720px) 100vw, 720px\" \/><figcaption class=\"wp-element-caption\">transporte internacional<\/figcaption><\/figure>    <figure class=\"wp-block-image size-large\"><img loading=\"lazy\" decoding=\"async\" width=\"720\" height=\"540\" data-id=\"267\" src=\"https:\/\/silagemachinery.com\/wp-content\/uploads\/2024\/04\/96591d194a2606582ea3bc0066d9aaf.webp\" alt=\"alcance global\" class=\"wp-image-267\" srcset=\"https:\/\/silagemachinery.com\/wp-content\/uploads\/2024\/04\/96591d194a2606582ea3bc0066d9aaf.webp 720w, https:\/\/silagemachinery.com\/wp-content\/uploads\/2024\/04\/96591d194a2606582ea3bc0066d9aaf-480x360.webp 480w\" sizes=\"auto, (max-width: 720px) 100vw, 720px\" \/><figcaption class=\"wp-element-caption\">alcance global<\/figcaption><\/figure> <\/figure>    <h2 class=\"wp-block-heading\"><strong>Experiencia en Proyectos de Licitaci\u00f3n<\/strong><\/h2>    <p>Con una rica experiencia en la ejecuci\u00f3n de proyectos de licitaci\u00f3n para organizaciones estimadas como ONG, FAO, PNUD y agencias gubernamentales, garantizamos la excelencia en todos los aspectos de nuestras operaciones. Nuestra trayectoria dice mucho sobre nuestra dedicaci\u00f3n a la calidad y la satisfacci\u00f3n del cliente.<\/p>    <figure class=\"wp-block-gallery has-nested-images columns-default is-cropped wp-block-gallery-2 is-layout-flex wp-block-gallery-is-layout-flex\"> <figure class=\"wp-block-image size-large\"><img loading=\"lazy\" decoding=\"async\" width=\"720\" height=\"540\" data-id=\"271\" src=\"https:\/\/silagemachinery.com\/wp-content\/uploads\/2024\/04\/4ff4b3264632b50d0c9edeaba2bdb1a.webp\" alt=\"comentarios de los clientes\" class=\"wp-image-271\" srcset=\"https:\/\/silagemachinery.com\/wp-content\/uploads\/2024\/04\/4ff4b3264632b50d0c9edeaba2bdb1a.webp 720w, https:\/\/silagemachinery.com\/wp-content\/uploads\/2024\/04\/4ff4b3264632b50d0c9edeaba2bdb1a-480x360.webp 480w\" sizes=\"auto, (max-width: 720px) 100vw, 720px\" \/><figcaption class=\"wp-element-caption\">comentarios de los clientes<\/figcaption><\/figure>    <figure class=\"wp-block-image size-large\"><img loading=\"lazy\" decoding=\"async\" width=\"720\" height=\"540\" data-id=\"272\" src=\"https:\/\/silagemachinery.com\/wp-content\/uploads\/2024\/04\/896e24bed9bdcffc275adf383229b95.webp\" alt=\"visita a la f\u00e1brica\" class=\"wp-image-272\" srcset=\"https:\/\/silagemachinery.com\/wp-content\/uploads\/2024\/04\/896e24bed9bdcffc275adf383229b95.webp 720w, https:\/\/silagemachinery.com\/wp-content\/uploads\/2024\/04\/896e24bed9bdcffc275adf383229b95-480x360.webp 480w\" sizes=\"auto, (max-width: 720px) 100vw, 720px\" \/><figcaption class=\"wp-element-caption\">visita a la f\u00e1brica<\/figcaption><\/figure> <\/figure>    <h2 class=\"wp-block-heading\"><strong>Cualificaciones y Certificaciones Profesionales<\/strong><\/h2>    <p>Nuestra empresa cuenta con numerosas cualificaciones y certificaciones profesionales que demuestran nuestra experiencia y credibilidad en el campo de la maquinaria agr\u00edcola. Estas calificaciones incluyen la certificaci\u00f3n del Sistema de gesti\u00f3n de calidad ISO 9001, la certificaci\u00f3n CE y otras certificaciones y honores relacionados con la industria. <\/p>    <p>Estos certificados no s\u00f3lo reconocen la calidad de nuestros productos y procesos de producci\u00f3n, sino que tambi\u00e9n nos impulsan a mejorar e innovar continuamente, garantizando que nos mantengamos a la vanguardia de la industria.<\/p>    <figure class=\"wp-block-image size-full\"><img loading=\"lazy\" decoding=\"async\" width=\"720\" height=\"540\" src=\"https:\/\/silagemachinery.com\/wp-content\/uploads\/2024\/04\/3.webp\" alt=\"Certificaciones\" class=\"wp-image-265\" srcset=\"https:\/\/silagemachinery.com\/wp-content\/uploads\/2024\/04\/3.webp 720w, https:\/\/silagemachinery.com\/wp-content\/uploads\/2024\/04\/3-480x360.webp 480w\" sizes=\"auto, (max-width: 720px) 100vw, 720px\" \/><figcaption class=\"wp-element-caption\">Certificaciones<\/figcaption><\/figure>    <h2 class=\"wp-block-heading\"><strong>Servicio postventa profesional<\/strong><\/h2>    <p>En nuestra empresa, nos dedicamos a brindar un servicio posventa excepcional para garantizar la satisfacci\u00f3n y la confianza del cliente despu\u00e9s de comprar nuestros productos. Contamos con un equipo de profesionales experimentados y capacitados que est\u00e1n listos para brindar soporte y asistencia integral a nuestros clientes. <\/p>    <p>Ya sea instalaci\u00f3n, capacitaci\u00f3n, resoluci\u00f3n de problemas o mantenimiento, podemos responder con prontitud y ofrecer soluciones efectivas. Entendemos la importancia del servicio posventa en la experiencia del cliente, por lo que siempre priorizamos la satisfacci\u00f3n del cliente y nos esforzamos por crear una mejor experiencia de usuario para nuestros clientes.<\/p>    <figure class=\"wp-block-gallery has-nested-images columns-default is-cropped wp-block-gallery-3 is-layout-flex wp-block-gallery-is-layout-flex\"> <figure class=\"wp-block-image size-large\"><img loading=\"lazy\" decoding=\"async\" width=\"720\" height=\"540\" data-id=\"276\" src=\"https:\/\/silagemachinery.com\/wp-content\/uploads\/2024\/04\/\u5fae\u4fe1\u56fe\u7247_20220308100847.webp\" alt=\"servicio postventa\" class=\"wp-image-276\" srcset=\"https:\/\/silagemachinery.com\/wp-content\/uploads\/2024\/04\/\u5fae\u4fe1\u56fe\u7247_20220308100847.webp 720w, https:\/\/silagemachinery.com\/wp-content\/uploads\/2024\/04\/\u5fae\u4fe1\u56fe\u7247_20220308100847-480x360.webp 480w\" sizes=\"auto, (max-width: 720px) 100vw, 720px\" \/><figcaption class=\"wp-element-caption\">servicio postventa<\/figcaption><\/figure>    <figure class=\"wp-block-image size-large\"><img loading=\"lazy\" decoding=\"async\" width=\"720\" height=\"540\" data-id=\"275\" src=\"https:\/\/silagemachinery.com\/wp-content\/uploads\/2024\/04\/\u5fae\u4fe1\u56fe\u7247_20220308100752.webp\" alt=\"maquinaria de ensilaje en stock\" class=\"wp-image-275\" srcset=\"https:\/\/silagemachinery.com\/wp-content\/uploads\/2024\/04\/\u5fae\u4fe1\u56fe\u7247_20220308100752.webp 720w, https:\/\/silagemachinery.com\/wp-content\/uploads\/2024\/04\/\u5fae\u4fe1\u56fe\u7247_20220308100752-480x360.webp 480w\" sizes=\"auto, (max-width: 720px) 100vw, 720px\" \/><figcaption class=\"wp-element-caption\">maquinaria de ensilaje en stock<\/figcaption><\/figure> <\/figure>    <h2 class=\"wp-block-heading\"><strong>Ubicaci\u00f3n Estrat\u00e9gica<\/strong><\/h2>    <p>Situados en la pr\u00f3spera Zona de Desarrollo Econ\u00f3mico y Tecnol\u00f3gico de Zhengzhou, estamos estrat\u00e9gicamente posicionados para la importaci\u00f3n y exportaci\u00f3n eficiente de equipos mec\u00e1nicos. Nuestro equipo de m\u00e1s de 300 empleados trabaja incansablemente para satisfacer las demandas de los clientes con excelencia.<\/p>    <h2 class=\"wp-block-heading\"><strong>Innovaci\u00f3n continua<\/strong><\/h2>    <p>Impulsados \u200b\u200bpor una cultura de trabajo familiar, nuestro equipo de t\u00e9cnicos agr\u00edcolas investiga y desarrolla constantemente nuevos productos agr\u00edcolas, guiados por el principio de innovaci\u00f3n. Nuestros departamentos especializados de I+D, fabricaci\u00f3n y control de calidad garantizan la producci\u00f3n de maquinaria duradera y de alta calidad que mejora la productividad agr\u00edcola en todo el mundo.<\/p>","protected":false},"excerpt":{"rendered":"<p>Acerca de Taizy Silage Machinery Taizy Silage Machinery es una empresa reconocida dedicada a la investigaci\u00f3n, desarrollo, fabricaci\u00f3n y venta de equipos agr\u00edcolas de \u00faltima generaci\u00f3n. Establecida en 2011 con una visi\u00f3n audaz de transformar la agricultura global, nuestra misi\u00f3n es empoderar a las comunidades de todo el mundo con maquinaria china innovadora. Nuestro Compromiso con la Excelencia Con m\u00e1s de 30.000 metros cuadrados de\u2026<\/p>","protected":false},"author":1,"featured_media":0,"parent":0,"menu_order":0,"comment_status":"closed","ping_status":"closed","template":"","meta":{"_kad_blocks_custom_css":"","_kad_blocks_head_custom_js":"","_kad_blocks_body_custom_js":"","_kad_blocks_footer_custom_js":"","_kad_post_transparent":"default","_kad_post_title":"default","_kad_post_layout":"default","_kad_post_sidebar_id":"","_kad_post_content_style":"","_kad_post_vertical_padding":"","_kad_post_feature":"","_kad_post_feature_position":"","_kad_post_header":false,"_kad_post_footer":false,"_kad_post_classname":"","footnotes":""},"class_list":["post-9","page","type-page","status-publish","hentry"],"taxonomy_info":[],"featured_image_src_large":false,"author_info":{"display_name":"Jean","author_link":"https:\/\/silagemachinery.com\/es\/author\/adminjean\/"},"comment_info":"","_links":{"self":[{"href":"https:\/\/silagemachinery.com\/es\/wp-json\/wp\/v2\/pages\/9","targetHints":{"allow":["GET"]}}],"collection":[{"href":"https:\/\/silagemachinery.com\/es\/wp-json\/wp\/v2\/pages"}],"about":[{"href":"https:\/\/silagemachinery.com\/es\/wp-json\/wp\/v2\/types\/page"}],"author":[{"embeddable":true,"href":"https:\/\/silagemachinery.com\/es\/wp-json\/wp\/v2\/users\/1"}],"replies":[{"embeddable":true,"href":"https:\/\/silagemachinery.com\/es\/wp-json\/wp\/v2\/comments?post=9"}],"version-history":[{"count":0,"href":"https:\/\/silagemachinery.com\/es\/wp-json\/wp\/v2\/pages\/9\/revisions"}],"wp:attachment":[{"href":"https:\/\/silagemachinery.com\/es\/wp-json\/wp\/v2\/media?parent=9"}],"curies":[{"name":"wp","href":"https:\/\/api.w.org\/{rel}","templated":true}]}}