{"id":9,"date":"2024-04-01T16:28:30","date_gmt":"2024-04-01T08:28:30","guid":{"rendered":"https:\/\/silagemachinery.com\/?page_id=9"},"modified":"2024-04-03T17:53:32","modified_gmt":"2024-04-03T09:53:32","slug":"about-us","status":"publish","type":"page","link":"https:\/\/silagemachinery.com\/fr\/about-us\/","title":{"rendered":"\u00c0 propos de nous"},"content":{"rendered":"<h2 class=\"wp-block-heading\"><strong>\u00c0 propos des machines d'ensilage Taizy<\/strong><\/h2>    <p>Taizy Silage Machinery est une entreprise renomm\u00e9e d\u00e9di\u00e9e \u00e0 la recherche, au d\u00e9veloppement, \u00e0 la fabrication et \u00e0 la vente d'\u00e9quipements agricoles de pointe. Cr\u00e9\u00e9e en 2011 avec une vision audacieuse de transformation de l'agriculture mondiale, notre mission est de doter les communaut\u00e9s du monde entier de machines chinoises innovantes.<\/p>    <figure class=\"wp-block-image size-full\"><img loading=\"lazy\" decoding=\"async\" width=\"720\" height=\"540\" src=\"https:\/\/silagemachinery.com\/wp-content\/uploads\/2024\/04\/Dingtalk_20240401134145.webp\" alt=\"Machines Taizy\" class=\"wp-image-270\" srcset=\"https:\/\/silagemachinery.com\/wp-content\/uploads\/2024\/04\/Dingtalk_20240401134145.webp 720w, https:\/\/silagemachinery.com\/wp-content\/uploads\/2024\/04\/Dingtalk_20240401134145-480x360.webp 480w\" sizes=\"auto, (max-width: 720px) 100vw, 720px\" \/><figcaption class=\"wp-element-caption\">Machines Taizy<\/figcaption><\/figure>    <h2 class=\"wp-block-heading\"><strong>Notre engagement envers l'excellence<\/strong><\/h2>    <p>Avec plus de 30\u00a0000 m\u00e8tres carr\u00e9s d\u2019ateliers avanc\u00e9s et une \u00e9quipe de 200 techniciens qualifi\u00e9s, nous sommes fermes dans notre engagement \u00e0 cr\u00e9er des machines et des \u00e9quipements de qualit\u00e9 sup\u00e9rieure. Chaque produit est soumis \u00e0 des mesures de contr\u00f4le de qualit\u00e9 strictes pour garantir sa durabilit\u00e9 et ses performances.<\/p>    <h2 class=\"wp-block-heading\"><strong>Reconnaissance et port\u00e9e mondiale<\/strong><\/h2>    <p>Nos machines agricoles ont \u00e9t\u00e9 salu\u00e9es tant au niveau national qu'international, en particulier dans des r\u00e9gions comme l'Afrique, l'Asie du Sud-Est et l'Am\u00e9rique du Sud. Des pays tels que le Nigeria, le Ghana, le P\u00e9rou et l'Indon\u00e9sie ont adopt\u00e9 nos produits pour leur fiabilit\u00e9 et leur efficacit\u00e9.<\/p>    <figure class=\"wp-block-gallery has-nested-images columns-default is-cropped wp-block-gallery-1 is-layout-flex wp-block-gallery-is-layout-flex\"> <figure class=\"wp-block-image size-large\"><img loading=\"lazy\" decoding=\"async\" width=\"720\" height=\"540\" data-id=\"266\" src=\"https:\/\/silagemachinery.com\/wp-content\/uploads\/2024\/04\/8897db5468ca15302ba0fed306f7e1f.webp\" alt=\"transport international\" class=\"wp-image-266\" srcset=\"https:\/\/silagemachinery.com\/wp-content\/uploads\/2024\/04\/8897db5468ca15302ba0fed306f7e1f.webp 720w, https:\/\/silagemachinery.com\/wp-content\/uploads\/2024\/04\/8897db5468ca15302ba0fed306f7e1f-480x360.webp 480w\" sizes=\"auto, (max-width: 720px) 100vw, 720px\" \/><figcaption class=\"wp-element-caption\">transport international<\/figcaption><\/figure>    <figure class=\"wp-block-image size-large\"><img loading=\"lazy\" decoding=\"async\" width=\"720\" height=\"540\" data-id=\"267\" src=\"https:\/\/silagemachinery.com\/wp-content\/uploads\/2024\/04\/96591d194a2606582ea3bc0066d9aaf.webp\" alt=\"port\u00e9e mondiale\" class=\"wp-image-267\" srcset=\"https:\/\/silagemachinery.com\/wp-content\/uploads\/2024\/04\/96591d194a2606582ea3bc0066d9aaf.webp 720w, https:\/\/silagemachinery.com\/wp-content\/uploads\/2024\/04\/96591d194a2606582ea3bc0066d9aaf-480x360.webp 480w\" sizes=\"auto, (max-width: 720px) 100vw, 720px\" \/><figcaption class=\"wp-element-caption\">port\u00e9e mondiale<\/figcaption><\/figure> <\/figure>    <h2 class=\"wp-block-heading\"><strong>Exp\u00e9rience dans les projets d'appel d'offres<\/strong><\/h2>    <p>Forts d'une riche exp\u00e9rience dans l'ex\u00e9cution de projets d'appel d'offres pour des organisations r\u00e9put\u00e9es telles que des ONG, la FAO, le PNUD et des agences gouvernementales, nous garantissons l'excellence dans tous les aspects de nos op\u00e9rations. Notre exp\u00e9rience en dit long sur notre engagement envers la qualit\u00e9 et la satisfaction du client.<\/p>    <figure class=\"wp-block-gallery has-nested-images columns-default is-cropped wp-block-gallery-2 is-layout-flex wp-block-gallery-is-layout-flex\"> <figure class=\"wp-block-image size-large\"><img loading=\"lazy\" decoding=\"async\" width=\"720\" height=\"540\" data-id=\"271\" src=\"https:\/\/silagemachinery.com\/wp-content\/uploads\/2024\/04\/4ff4b3264632b50d0c9edeaba2bdb1a.webp\" alt=\"commentaires des clients\" class=\"wp-image-271\" srcset=\"https:\/\/silagemachinery.com\/wp-content\/uploads\/2024\/04\/4ff4b3264632b50d0c9edeaba2bdb1a.webp 720w, https:\/\/silagemachinery.com\/wp-content\/uploads\/2024\/04\/4ff4b3264632b50d0c9edeaba2bdb1a-480x360.webp 480w\" sizes=\"auto, (max-width: 720px) 100vw, 720px\" \/><figcaption class=\"wp-element-caption\">commentaires des clients<\/figcaption><\/figure>    <figure class=\"wp-block-image size-large\"><img loading=\"lazy\" decoding=\"async\" width=\"720\" height=\"540\" data-id=\"272\" src=\"https:\/\/silagemachinery.com\/wp-content\/uploads\/2024\/04\/896e24bed9bdcffc275adf383229b95.webp\" alt=\"visite d&#039;usine\" class=\"wp-image-272\" srcset=\"https:\/\/silagemachinery.com\/wp-content\/uploads\/2024\/04\/896e24bed9bdcffc275adf383229b95.webp 720w, https:\/\/silagemachinery.com\/wp-content\/uploads\/2024\/04\/896e24bed9bdcffc275adf383229b95-480x360.webp 480w\" sizes=\"auto, (max-width: 720px) 100vw, 720px\" \/><figcaption class=\"wp-element-caption\">visite d'usine<\/figcaption><\/figure> <\/figure>    <h2 class=\"wp-block-heading\"><strong>Qualifications et certifications professionnelles<\/strong><\/h2>    <p>Notre entreprise d\u00e9tient de nombreuses qualifications et certifications professionnelles, d\u00e9montrant notre expertise et notre cr\u00e9dibilit\u00e9 dans le domaine du machinisme agricole. Ces qualifications comprennent la certification du syst\u00e8me de gestion de la qualit\u00e9 ISO 9001, la certification CE et d'autres certifications et distinctions li\u00e9es \u00e0 l'industrie. <\/p>    <p>Ces certificats reconnaissent non seulement la qualit\u00e9 de nos produits et de nos processus de production, mais nous poussent \u00e9galement \u00e0 nous am\u00e9liorer et \u00e0 innover continuellement, garantissant ainsi que nous restons \u00e0 l'avant-garde du secteur.<\/p>    <figure class=\"wp-block-image size-full\"><img loading=\"lazy\" decoding=\"async\" width=\"720\" height=\"540\" src=\"https:\/\/silagemachinery.com\/wp-content\/uploads\/2024\/04\/3.webp\" alt=\"Certifications\" class=\"wp-image-265\" srcset=\"https:\/\/silagemachinery.com\/wp-content\/uploads\/2024\/04\/3.webp 720w, https:\/\/silagemachinery.com\/wp-content\/uploads\/2024\/04\/3-480x360.webp 480w\" sizes=\"auto, (max-width: 720px) 100vw, 720px\" \/><figcaption class=\"wp-element-caption\">Certifications<\/figcaption><\/figure>    <h2 class=\"wp-block-heading\"><strong>Service apr\u00e8s-vente professionnel<\/strong><\/h2>    <p>Dans notre entreprise, nous nous engageons \u00e0 fournir un service apr\u00e8s-vente exceptionnel pour garantir la satisfaction et la confiance des clients apr\u00e8s l'achat de nos produits. Nous disposons d'une \u00e9quipe de professionnels exp\u00e9riment\u00e9s et qualifi\u00e9s qui sont pr\u00eats \u00e0 fournir un soutien et une assistance complets \u00e0 nos clients. <\/p>    <p>Qu\u2019il s\u2019agisse d\u2019installation, de formation, de d\u00e9pannage ou de maintenance, nous pouvons r\u00e9pondre rapidement et proposer des solutions efficaces. Nous comprenons l'importance du service apr\u00e8s-vente dans l'exp\u00e9rience client, c'est pourquoi nous accordons toujours la priorit\u00e9 \u00e0 la satisfaction du client et nous effor\u00e7ons de cr\u00e9er une meilleure exp\u00e9rience utilisateur pour nos clients.<\/p>    <figure class=\"wp-block-gallery has-nested-images columns-default is-cropped wp-block-gallery-3 is-layout-flex wp-block-gallery-is-layout-flex\"> <figure class=\"wp-block-image size-large\"><img loading=\"lazy\" decoding=\"async\" width=\"720\" height=\"540\" data-id=\"276\" src=\"https:\/\/silagemachinery.com\/wp-content\/uploads\/2024\/04\/\u5fae\u4fe1\u56fe\u7247_20220308100847.webp\" alt=\"service apr\u00e8s-vente\" class=\"wp-image-276\" srcset=\"https:\/\/silagemachinery.com\/wp-content\/uploads\/2024\/04\/\u5fae\u4fe1\u56fe\u7247_20220308100847.webp 720w, https:\/\/silagemachinery.com\/wp-content\/uploads\/2024\/04\/\u5fae\u4fe1\u56fe\u7247_20220308100847-480x360.webp 480w\" sizes=\"auto, (max-width: 720px) 100vw, 720px\" \/><figcaption class=\"wp-element-caption\">service apr\u00e8s-vente<\/figcaption><\/figure>    <figure class=\"wp-block-image size-large\"><img loading=\"lazy\" decoding=\"async\" width=\"720\" height=\"540\" data-id=\"275\" src=\"https:\/\/silagemachinery.com\/wp-content\/uploads\/2024\/04\/\u5fae\u4fe1\u56fe\u7247_20220308100752.webp\" alt=\"machines d&#039;ensilage en stock\" class=\"wp-image-275\" srcset=\"https:\/\/silagemachinery.com\/wp-content\/uploads\/2024\/04\/\u5fae\u4fe1\u56fe\u7247_20220308100752.webp 720w, https:\/\/silagemachinery.com\/wp-content\/uploads\/2024\/04\/\u5fae\u4fe1\u56fe\u7247_20220308100752-480x360.webp 480w\" sizes=\"auto, (max-width: 720px) 100vw, 720px\" \/><figcaption class=\"wp-element-caption\">machines d'ensilage en stock<\/figcaption><\/figure> <\/figure>    <h2 class=\"wp-block-heading\"><strong>Emplacement strat\u00e9gique<\/strong><\/h2>    <p>Situ\u00e9s dans la zone de d\u00e9veloppement \u00e9conomique et technologique florissante de Zhengzhou, nous sommes strat\u00e9giquement positionn\u00e9s pour une importation et une exportation efficaces d'\u00e9quipements m\u00e9caniques. Notre \u00e9quipe de plus de 300 employ\u00e9s travaille sans rel\u00e2che pour r\u00e9pondre avec excellence aux demandes des clients.<\/p>    <h2 class=\"wp-block-heading\"><strong>Innovation continue<\/strong><\/h2>    <p>Anim\u00e9e par une culture de travail familiale, notre \u00e9quipe de techniciens agricoles recherche et d\u00e9veloppe constamment de nouveaux produits agricoles, guid\u00e9e par le principe de l'innovation. Nos d\u00e9partements sp\u00e9cialis\u00e9s de R&amp;D, de fabrication et de contr\u00f4le qualit\u00e9 assurent la production de machines durables et de haute qualit\u00e9 qui am\u00e9liorent la productivit\u00e9 agricole dans le monde entier.<\/p>","protected":false},"excerpt":{"rendered":"<p>\u00c0 propos de Taizy Silage Machinery Taizy Silage Machinery est une entreprise renomm\u00e9e d\u00e9di\u00e9e \u00e0 la recherche, au d\u00e9veloppement, \u00e0 la fabrication et \u00e0 la vente d'\u00e9quipements agricoles de pointe. Cr\u00e9\u00e9e en 2011 avec une vision audacieuse de transformation de l'agriculture mondiale, notre mission est de doter les communaut\u00e9s du monde entier de machines chinoises innovantes. Notre engagement envers l'excellence Avec plus de 30 000 m\u00e8tres carr\u00e9s de\u2026<\/p>","protected":false},"author":1,"featured_media":0,"parent":0,"menu_order":0,"comment_status":"closed","ping_status":"closed","template":"","meta":{"_kad_blocks_custom_css":"","_kad_blocks_head_custom_js":"","_kad_blocks_body_custom_js":"","_kad_blocks_footer_custom_js":"","_kad_post_transparent":"default","_kad_post_title":"default","_kad_post_layout":"default","_kad_post_sidebar_id":"","_kad_post_content_style":"","_kad_post_vertical_padding":"","_kad_post_feature":"","_kad_post_feature_position":"","_kad_post_header":false,"_kad_post_footer":false,"_kad_post_classname":"","footnotes":""},"class_list":["post-9","page","type-page","status-publish","hentry"],"taxonomy_info":[],"featured_image_src_large":false,"author_info":{"display_name":"Jean","author_link":"https:\/\/silagemachinery.com\/fr\/author\/adminjean\/"},"comment_info":"","_links":{"self":[{"href":"https:\/\/silagemachinery.com\/fr\/wp-json\/wp\/v2\/pages\/9","targetHints":{"allow":["GET"]}}],"collection":[{"href":"https:\/\/silagemachinery.com\/fr\/wp-json\/wp\/v2\/pages"}],"about":[{"href":"https:\/\/silagemachinery.com\/fr\/wp-json\/wp\/v2\/types\/page"}],"author":[{"embeddable":true,"href":"https:\/\/silagemachinery.com\/fr\/wp-json\/wp\/v2\/users\/1"}],"replies":[{"embeddable":true,"href":"https:\/\/silagemachinery.com\/fr\/wp-json\/wp\/v2\/comments?post=9"}],"version-history":[{"count":0,"href":"https:\/\/silagemachinery.com\/fr\/wp-json\/wp\/v2\/pages\/9\/revisions"}],"wp:attachment":[{"href":"https:\/\/silagemachinery.com\/fr\/wp-json\/wp\/v2\/media?parent=9"}],"curies":[{"name":"wp","href":"https:\/\/api.w.org\/{rel}","templated":true}]}}