{"id":9,"date":"2024-04-01T16:28:30","date_gmt":"2024-04-01T08:28:30","guid":{"rendered":"https:\/\/silagemachinery.com\/?page_id=9"},"modified":"2024-04-03T17:53:32","modified_gmt":"2024-04-03T09:53:32","slug":"about-us","status":"publish","type":"page","link":"https:\/\/silagemachinery.com\/vi\/about-us\/","title":{"rendered":"V\u1ec1 ch\u00fang t\u00f4i"},"content":{"rendered":"<h2 class=\"wp-block-heading\"><strong>Gi\u1edbi thi\u1ec7u v\u1ec1 m\u00e1y \u1ee7 chua Taizy<\/strong><\/h2>    <p>Taizy Silage Machinery l\u00e0 m\u1ed9t doanh nghi\u1ec7p n\u1ed5i ti\u1ebfng chuy\u00ean nghi\u00ean c\u1ee9u, ph\u00e1t tri\u1ec3n, s\u1ea3n xu\u1ea5t v\u00e0 b\u00e1n c\u00e1c thi\u1ebft b\u1ecb n\u00f4ng nghi\u1ec7p ti\u00ean ti\u1ebfn. \u0110\u01b0\u1ee3c th\u00e0nh l\u1eadp v\u00e0o n\u0103m 2011 v\u1edbi t\u1ea7m nh\u00ecn t\u00e1o b\u1ea1o v\u1ec1 chuy\u1ec3n \u0111\u1ed5i n\u1ec1n n\u00f4ng nghi\u1ec7p to\u00e0n c\u1ea7u, s\u1ee9 m\u1ec7nh c\u1ee7a ch\u00fang t\u00f4i l\u00e0 trao quy\u1ec1n cho c\u00e1c c\u1ed9ng \u0111\u1ed3ng tr\u00ean to\u00e0n th\u1ebf gi\u1edbi b\u1eb1ng m\u00e1y m\u00f3c c\u1ea3i ti\u1ebfn c\u1ee7a Trung Qu\u1ed1c.<\/p>    <figure class=\"wp-block-image size-full\"><img loading=\"lazy\" decoding=\"async\" width=\"720\" height=\"540\" src=\"https:\/\/silagemachinery.com\/wp-content\/uploads\/2024\/04\/Dingtalk_20240401134145.webp\" alt=\"M\u00e1y Taizy\" class=\"wp-image-270\" srcset=\"https:\/\/silagemachinery.com\/wp-content\/uploads\/2024\/04\/Dingtalk_20240401134145.webp 720w, https:\/\/silagemachinery.com\/wp-content\/uploads\/2024\/04\/Dingtalk_20240401134145-480x360.webp 480w\" sizes=\"auto, (max-width: 720px) 100vw, 720px\" \/><figcaption class=\"wp-element-caption\">M\u00e1y Taizy<\/figcaption><\/figure>    <h2 class=\"wp-block-heading\"><strong>Cam k\u1ebft c\u1ee7a ch\u00fang t\u00f4i v\u1ec1 s\u1ef1 xu\u1ea5t s\u1eafc<\/strong><\/h2>    <p>V\u1edbi h\u01a1n 30.000 m\u00e9t vu\u00f4ng nh\u00e0 x\u01b0\u1edfng ti\u00ean ti\u1ebfn v\u00e0 \u0111\u1ed9i ng\u0169 200 k\u1ef9 thu\u1eadt vi\u00ean l\u00e0nh ngh\u1ec1, ch\u00fang t\u00f4i ki\u00ean \u0111\u1ecbnh v\u1edbi cam k\u1ebft t\u1ea1o ra nh\u1eefng m\u00e1y m\u00f3c v\u00e0 thi\u1ebft b\u1ecb \u01b0u vi\u1ec7t. M\u1ed7i s\u1ea3n ph\u1ea9m \u0111\u1ec1u tr\u1ea3i qua c\u00e1c bi\u1ec7n ph\u00e1p ki\u1ec3m so\u00e1t ch\u1ea5t l\u01b0\u1ee3ng nghi\u00eam ng\u1eb7t \u0111\u1ec3 \u0111\u1ea3m b\u1ea3o \u0111\u1ed9 b\u1ec1n v\u00e0 hi\u1ec7u su\u1ea5t.<\/p>    <h2 class=\"wp-block-heading\"><strong>S\u1ef1 c\u00f4ng nh\u1eadn v\u00e0 ti\u1ebfp c\u1eadn to\u00e0n c\u1ea7u<\/strong><\/h2>    <p>M\u00e1y m\u00f3c n\u00f4ng nghi\u1ec7p c\u1ee7a ch\u00fang t\u00f4i \u0111\u00e3 nh\u1eadn \u0111\u01b0\u1ee3c s\u1ef1 hoan ngh\u00eanh c\u1ea3 trong n\u01b0\u1edbc v\u00e0 qu\u1ed1c t\u1ebf, \u0111\u1eb7c bi\u1ec7t l\u00e0 \u1edf c\u00e1c khu v\u1ef1c nh\u01b0 Ch\u00e2u Phi, \u0110\u00f4ng Nam \u00c1 v\u00e0 Nam M\u1ef9. C\u00e1c qu\u1ed1c gia nh\u01b0 Nigeria, Ghana, Peru v\u00e0 Indonesia \u0111\u00e3 \u01b0a chu\u1ed9ng s\u1ea3n ph\u1ea9m c\u1ee7a ch\u00fang t\u00f4i v\u00ec \u0111\u1ed9 tin c\u1eady v\u00e0 hi\u1ec7u qu\u1ea3 c\u1ee7a ch\u00fang.<\/p>    <figure class=\"wp-block-gallery has-nested-images columns-default is-cropped wp-block-gallery-1 is-layout-flex wp-block-gallery-is-layout-flex\"> <figure class=\"wp-block-image size-large\"><img loading=\"lazy\" decoding=\"async\" width=\"720\" height=\"540\" data-id=\"266\" src=\"https:\/\/silagemachinery.com\/wp-content\/uploads\/2024\/04\/8897db5468ca15302ba0fed306f7e1f.webp\" alt=\"v\u1eadn t\u1ea3i qu\u1ed1c t\u1ebf\" class=\"wp-image-266\" srcset=\"https:\/\/silagemachinery.com\/wp-content\/uploads\/2024\/04\/8897db5468ca15302ba0fed306f7e1f.webp 720w, https:\/\/silagemachinery.com\/wp-content\/uploads\/2024\/04\/8897db5468ca15302ba0fed306f7e1f-480x360.webp 480w\" sizes=\"auto, (max-width: 720px) 100vw, 720px\" \/><figcaption class=\"wp-element-caption\">v\u1eadn t\u1ea3i qu\u1ed1c t\u1ebf<\/figcaption><\/figure>    <figure class=\"wp-block-image size-large\"><img loading=\"lazy\" decoding=\"async\" width=\"720\" height=\"540\" data-id=\"267\" src=\"https:\/\/silagemachinery.com\/wp-content\/uploads\/2024\/04\/96591d194a2606582ea3bc0066d9aaf.webp\" alt=\"ph\u1ea1m vi to\u00e0n c\u1ea7u\" class=\"wp-image-267\" srcset=\"https:\/\/silagemachinery.com\/wp-content\/uploads\/2024\/04\/96591d194a2606582ea3bc0066d9aaf.webp 720w, https:\/\/silagemachinery.com\/wp-content\/uploads\/2024\/04\/96591d194a2606582ea3bc0066d9aaf-480x360.webp 480w\" sizes=\"auto, (max-width: 720px) 100vw, 720px\" \/><figcaption class=\"wp-element-caption\">ph\u1ea1m vi to\u00e0n c\u1ea7u<\/figcaption><\/figure> <\/figure>    <h2 class=\"wp-block-heading\"><strong>Kinh nghi\u1ec7m l\u00e0m d\u1ef1 \u00e1n \u0111\u1ea5u th\u1ea7u<\/strong><\/h2>    <p>V\u1edbi kinh nghi\u1ec7m d\u00e0y d\u1eb7n trong vi\u1ec7c th\u1ef1c hi\u1ec7n c\u00e1c D\u1ef1 \u00e1n \u0111\u1ea5u th\u1ea7u cho c\u00e1c t\u1ed5 ch\u1ee9c uy t\u00edn nh\u01b0 NGO, FAO, UNDP v\u00e0 c\u00e1c c\u01a1 quan ch\u00ednh ph\u1ee7, ch\u00fang t\u00f4i \u0111\u1ea3m b\u1ea3o s\u1ef1 xu\u1ea5t s\u1eafc trong m\u1ecdi kh\u00eda c\u1ea1nh ho\u1ea1t \u0111\u1ed9ng c\u1ee7a m\u00ecnh. Th\u00e0nh t\u00edch c\u1ee7a ch\u00fang t\u00f4i n\u00f3i l\u00ean r\u1ea5t nhi\u1ec1u v\u1ec1 s\u1ef1 c\u1ed1ng hi\u1ebfn c\u1ee7a ch\u00fang t\u00f4i cho ch\u1ea5t l\u01b0\u1ee3ng v\u00e0 s\u1ef1 h\u00e0i l\u00f2ng c\u1ee7a kh\u00e1ch h\u00e0ng.<\/p>    <figure class=\"wp-block-gallery has-nested-images columns-default is-cropped wp-block-gallery-2 is-layout-flex wp-block-gallery-is-layout-flex\"> <figure class=\"wp-block-image size-large\"><img loading=\"lazy\" decoding=\"async\" width=\"720\" height=\"540\" data-id=\"271\" src=\"https:\/\/silagemachinery.com\/wp-content\/uploads\/2024\/04\/4ff4b3264632b50d0c9edeaba2bdb1a.webp\" alt=\"ph\u1ea3n h\u1ed3i c\u1ee7a kh\u00e1ch h\u00e0ng\" class=\"wp-image-271\" srcset=\"https:\/\/silagemachinery.com\/wp-content\/uploads\/2024\/04\/4ff4b3264632b50d0c9edeaba2bdb1a.webp 720w, https:\/\/silagemachinery.com\/wp-content\/uploads\/2024\/04\/4ff4b3264632b50d0c9edeaba2bdb1a-480x360.webp 480w\" sizes=\"auto, (max-width: 720px) 100vw, 720px\" \/><figcaption class=\"wp-element-caption\">ph\u1ea3n h\u1ed3i c\u1ee7a kh\u00e1ch h\u00e0ng<\/figcaption><\/figure>    <figure class=\"wp-block-image size-large\"><img loading=\"lazy\" decoding=\"async\" width=\"720\" height=\"540\" data-id=\"272\" src=\"https:\/\/silagemachinery.com\/wp-content\/uploads\/2024\/04\/896e24bed9bdcffc275adf383229b95.webp\" alt=\"tham quan nh\u00e0 m\u00e1y\" class=\"wp-image-272\" srcset=\"https:\/\/silagemachinery.com\/wp-content\/uploads\/2024\/04\/896e24bed9bdcffc275adf383229b95.webp 720w, https:\/\/silagemachinery.com\/wp-content\/uploads\/2024\/04\/896e24bed9bdcffc275adf383229b95-480x360.webp 480w\" sizes=\"auto, (max-width: 720px) 100vw, 720px\" \/><figcaption class=\"wp-element-caption\">tham quan nh\u00e0 m\u00e1y<\/figcaption><\/figure> <\/figure>    <h2 class=\"wp-block-heading\"><strong>Tr\u00ecnh \u0111\u1ed9 chuy\u00ean m\u00f4n v\u00e0 ch\u1ee9ng ch\u1ec9 chuy\u00ean m\u00f4n<\/strong><\/h2>    <p>C\u00f4ng ty ch\u00fang t\u00f4i c\u00f3 nhi\u1ec1u b\u1eb1ng c\u1ea5p v\u00e0 ch\u1ee9ng ch\u1ec9 chuy\u00ean m\u00f4n, th\u1ec3 hi\u1ec7n chuy\u00ean m\u00f4n v\u00e0 uy t\u00edn c\u1ee7a ch\u00fang t\u00f4i trong l\u0129nh v\u1ef1c m\u00e1y m\u00f3c n\u00f4ng nghi\u1ec7p. Nh\u1eefng b\u1eb1ng c\u1ea5p n\u00e0y bao g\u1ed3m ch\u1ee9ng nh\u1eadn H\u1ec7 th\u1ed1ng qu\u1ea3n l\u00fd ch\u1ea5t l\u01b0\u1ee3ng ISO 9001, ch\u1ee9ng nh\u1eadn CE c\u0169ng nh\u01b0 c\u00e1c ch\u1ee9ng nh\u1eadn v\u00e0 danh hi\u1ec7u kh\u00e1c li\u00ean quan \u0111\u1ebfn ng\u00e0nh. <\/p>    <p>Nh\u1eefng ch\u1ee9ng ch\u1ec9 n\u00e0y kh\u00f4ng ch\u1ec9 c\u00f4ng nh\u1eadn ch\u1ea5t l\u01b0\u1ee3ng s\u1ea3n ph\u1ea9m v\u00e0 quy tr\u00ecnh s\u1ea3n xu\u1ea5t c\u1ee7a ch\u00fang t\u00f4i m\u00e0 c\u00f2n th\u00fac \u0111\u1ea9y ch\u00fang t\u00f4i li\u00ean t\u1ee5c c\u1ea3i ti\u1ebfn v\u00e0 \u0111\u1ed5i m\u1edbi, \u0111\u1ea3m b\u1ea3o r\u1eb1ng ch\u00fang t\u00f4i lu\u00f4n d\u1eabn \u0111\u1ea7u trong ng\u00e0nh.<\/p>    <figure class=\"wp-block-image size-full\"><img loading=\"lazy\" decoding=\"async\" width=\"720\" height=\"540\" src=\"https:\/\/silagemachinery.com\/wp-content\/uploads\/2024\/04\/3.webp\" alt=\"Ch\u1ee9ng ch\u1ec9\" class=\"wp-image-265\" srcset=\"https:\/\/silagemachinery.com\/wp-content\/uploads\/2024\/04\/3.webp 720w, https:\/\/silagemachinery.com\/wp-content\/uploads\/2024\/04\/3-480x360.webp 480w\" sizes=\"auto, (max-width: 720px) 100vw, 720px\" \/><figcaption class=\"wp-element-caption\">Ch\u1ee9ng ch\u1ec9<\/figcaption><\/figure>    <h2 class=\"wp-block-heading\"><strong>D\u1ecbch v\u1ee5 h\u1eadu m\u00e3i chuy\u00ean nghi\u1ec7p<\/strong><\/h2>    <p>T\u1ea1i c\u00f4ng ty ch\u00fang t\u00f4i, ch\u00fang t\u00f4i t\u1eadn t\u00e2m cung c\u1ea5p d\u1ecbch v\u1ee5 h\u1eadu m\u00e3i \u0111\u1eb7c bi\u1ec7t \u0111\u1ec3 \u0111\u1ea3m b\u1ea3o s\u1ef1 h\u00e0i l\u00f2ng v\u00e0 tin t\u01b0\u1edfng c\u1ee7a kh\u00e1ch h\u00e0ng sau khi mua s\u1ea3n ph\u1ea9m c\u1ee7a ch\u00fang t\u00f4i. Ch\u00fang t\u00f4i c\u00f3 \u0111\u1ed9i ng\u0169 chuy\u00ean gia gi\u00e0u kinh nghi\u1ec7m v\u00e0 tay ngh\u1ec1 cao, s\u1eb5n s\u00e0ng h\u1ed7 tr\u1ee3 v\u00e0 h\u1ed7 tr\u1ee3 to\u00e0n di\u1ec7n cho kh\u00e1ch h\u00e0ng. <\/p>    <p>Cho d\u00f9 \u0111\u00f3 l\u00e0 c\u00e0i \u0111\u1eb7t, \u0111\u00e0o t\u1ea1o, kh\u1eafc ph\u1ee5c s\u1ef1 c\u1ed1 hay b\u1ea3o tr\u00ec, ch\u00fang t\u00f4i \u0111\u1ec1u c\u00f3 th\u1ec3 ph\u1ea3n h\u1ed3i k\u1ecbp th\u1eddi v\u00e0 \u0111\u01b0a ra c\u00e1c gi\u1ea3i ph\u00e1p hi\u1ec7u qu\u1ea3. Ch\u00fang t\u00f4i hi\u1ec3u t\u1ea7m quan tr\u1ecdng c\u1ee7a d\u1ecbch v\u1ee5 h\u1eadu m\u00e3i \u0111\u1ed1i v\u1edbi tr\u1ea3i nghi\u1ec7m c\u1ee7a kh\u00e1ch h\u00e0ng, v\u00ec v\u1eady ch\u00fang t\u00f4i lu\u00f4n \u01b0u ti\u00ean s\u1ef1 h\u00e0i l\u00f2ng c\u1ee7a kh\u00e1ch h\u00e0ng v\u00e0 n\u1ed7 l\u1ef1c t\u1ea1o ra tr\u1ea3i nghi\u1ec7m ng\u01b0\u1eddi d\u00f9ng t\u1ed1t h\u01a1n cho kh\u00e1ch h\u00e0ng.<\/p>    <figure class=\"wp-block-gallery has-nested-images columns-default is-cropped wp-block-gallery-3 is-layout-flex wp-block-gallery-is-layout-flex\"> <figure class=\"wp-block-image size-large\"><img loading=\"lazy\" decoding=\"async\" width=\"720\" height=\"540\" data-id=\"276\" src=\"https:\/\/silagemachinery.com\/wp-content\/uploads\/2024\/04\/\u5fae\u4fe1\u56fe\u7247_20220308100847.webp\" alt=\"d\u1ecbch v\u1ee5 sau b\u00e1n h\u00e0ng\" class=\"wp-image-276\" srcset=\"https:\/\/silagemachinery.com\/wp-content\/uploads\/2024\/04\/\u5fae\u4fe1\u56fe\u7247_20220308100847.webp 720w, https:\/\/silagemachinery.com\/wp-content\/uploads\/2024\/04\/\u5fae\u4fe1\u56fe\u7247_20220308100847-480x360.webp 480w\" sizes=\"auto, (max-width: 720px) 100vw, 720px\" \/><figcaption class=\"wp-element-caption\">d\u1ecbch v\u1ee5 sau b\u00e1n h\u00e0ng<\/figcaption><\/figure>    <figure class=\"wp-block-image size-large\"><img loading=\"lazy\" decoding=\"async\" width=\"720\" height=\"540\" data-id=\"275\" src=\"https:\/\/silagemachinery.com\/wp-content\/uploads\/2024\/04\/\u5fae\u4fe1\u56fe\u7247_20220308100752.webp\" alt=\"m\u00e1y m\u00f3c \u1ee7 chua trong kho\" class=\"wp-image-275\" srcset=\"https:\/\/silagemachinery.com\/wp-content\/uploads\/2024\/04\/\u5fae\u4fe1\u56fe\u7247_20220308100752.webp 720w, https:\/\/silagemachinery.com\/wp-content\/uploads\/2024\/04\/\u5fae\u4fe1\u56fe\u7247_20220308100752-480x360.webp 480w\" sizes=\"auto, (max-width: 720px) 100vw, 720px\" \/><figcaption class=\"wp-element-caption\">m\u00e1y m\u00f3c \u1ee7 chua trong kho<\/figcaption><\/figure> <\/figure>    <h2 class=\"wp-block-heading\"><strong>V\u1ecb tr\u00ed chi\u1ebfn l\u01b0\u1ee3c<\/strong><\/h2>    <p>N\u1eb1m trong Khu Ph\u00e1t tri\u1ec3n Kinh t\u1ebf v\u00e0 C\u00f4ng ngh\u1ec7 Tr\u1ecbnh Ch\u00e2u \u0111ang ph\u00e1t tri\u1ec3n m\u1ea1nh, ch\u00fang t\u00f4i c\u00f3 v\u1ecb tr\u00ed chi\u1ebfn l\u01b0\u1ee3c \u0111\u1ec3 xu\u1ea5t nh\u1eadp kh\u1ea9u thi\u1ebft b\u1ecb c\u01a1 kh\u00ed hi\u1ec7u qu\u1ea3. \u0110\u1ed9i ng\u0169 h\u01a1n 300 nh\u00e2n vi\u00ean c\u1ee7a ch\u00fang t\u00f4i l\u00e0m vi\u1ec7c kh\u00f4ng m\u1ec7t m\u1ecfi \u0111\u1ec3 \u0111\u00e1p \u1ee9ng nhu c\u1ea7u c\u1ee7a kh\u00e1ch h\u00e0ng m\u1ed9t c\u00e1ch xu\u1ea5t s\u1eafc.<\/p>    <h2 class=\"wp-block-heading\"><strong>\u0110\u1ed5i m\u1edbi li\u00ean t\u1ee5c<\/strong><\/h2>    <p>\u0110\u01b0\u1ee3c th\u00fac \u0111\u1ea9y b\u1edfi v\u0103n h\u00f3a l\u00e0m vi\u1ec7c gia \u0111\u00ecnh, \u0111\u1ed9i ng\u0169 k\u1ef9 thu\u1eadt vi\u00ean n\u00f4ng nghi\u1ec7p c\u1ee7a ch\u00fang t\u00f4i kh\u00f4ng ng\u1eebng nghi\u00ean c\u1ee9u v\u00e0 ph\u00e1t tri\u1ec3n c\u00e1c s\u1ea3n ph\u1ea9m n\u00f4ng nghi\u1ec7p m\u1edbi, \u0111\u01b0\u1ee3c h\u01b0\u1edbng d\u1eabn b\u1edfi nguy\u00ean t\u1eafc \u0111\u1ed5i m\u1edbi. C\u00e1c b\u1ed9 ph\u1eadn R&amp;D, s\u1ea3n xu\u1ea5t v\u00e0 ki\u1ec3m so\u00e1t ch\u1ea5t l\u01b0\u1ee3ng chuy\u00ean m\u00f4n c\u1ee7a ch\u00fang t\u00f4i \u0111\u1ea3m b\u1ea3o s\u1ea3n xu\u1ea5t m\u00e1y m\u00f3c b\u1ec1n b\u1ec9, ch\u1ea5t l\u01b0\u1ee3ng cao gi\u00fap n\u00e2ng cao n\u0103ng su\u1ea5t n\u00f4ng nghi\u1ec7p tr\u00ean to\u00e0n th\u1ebf gi\u1edbi.<\/p>","protected":false},"excerpt":{"rendered":"<p>Gi\u1edbi thi\u1ec7u v\u1ec1 M\u00e1y \u1ee7 chua Taizy M\u00e1y \u1ee7 chua Taizy l\u00e0 m\u1ed9t doanh nghi\u1ec7p n\u1ed5i ti\u1ebfng chuy\u00ean nghi\u00ean c\u1ee9u, ph\u00e1t tri\u1ec3n, s\u1ea3n xu\u1ea5t v\u00e0 b\u00e1n c\u00e1c thi\u1ebft b\u1ecb n\u00f4ng nghi\u1ec7p ti\u00ean ti\u1ebfn. \u0110\u01b0\u1ee3c th\u00e0nh l\u1eadp v\u00e0o n\u0103m 2011 v\u1edbi t\u1ea7m nh\u00ecn t\u00e1o b\u1ea1o v\u1ec1 chuy\u1ec3n \u0111\u1ed5i n\u1ec1n n\u00f4ng nghi\u1ec7p to\u00e0n c\u1ea7u, s\u1ee9 m\u1ec7nh c\u1ee7a ch\u00fang t\u00f4i l\u00e0 trao quy\u1ec1n cho c\u00e1c c\u1ed9ng \u0111\u1ed3ng tr\u00ean to\u00e0n th\u1ebf gi\u1edbi b\u1eb1ng m\u00e1y m\u00f3c c\u1ea3i ti\u1ebfn c\u1ee7a Trung Qu\u1ed1c. Cam k\u1ebft c\u1ee7a ch\u00fang t\u00f4i v\u1ec1 s\u1ef1 xu\u1ea5t s\u1eafc V\u1edbi h\u01a1n 30.000 m\u00e9t vu\u00f4ng\u2026<\/p>","protected":false},"author":1,"featured_media":0,"parent":0,"menu_order":0,"comment_status":"closed","ping_status":"closed","template":"","meta":{"_kad_blocks_custom_css":"","_kad_blocks_head_custom_js":"","_kad_blocks_body_custom_js":"","_kad_blocks_footer_custom_js":"","_kad_post_transparent":"default","_kad_post_title":"default","_kad_post_layout":"default","_kad_post_sidebar_id":"","_kad_post_content_style":"","_kad_post_vertical_padding":"","_kad_post_feature":"","_kad_post_feature_position":"","_kad_post_header":false,"_kad_post_footer":false,"_kad_post_classname":"","footnotes":""},"class_list":["post-9","page","type-page","status-publish","hentry"],"taxonomy_info":[],"featured_image_src_large":false,"author_info":{"display_name":"Jean","author_link":"https:\/\/silagemachinery.com\/vi\/author\/adminjean\/"},"comment_info":"","_links":{"self":[{"href":"https:\/\/silagemachinery.com\/vi\/wp-json\/wp\/v2\/pages\/9","targetHints":{"allow":["GET"]}}],"collection":[{"href":"https:\/\/silagemachinery.com\/vi\/wp-json\/wp\/v2\/pages"}],"about":[{"href":"https:\/\/silagemachinery.com\/vi\/wp-json\/wp\/v2\/types\/page"}],"author":[{"embeddable":true,"href":"https:\/\/silagemachinery.com\/vi\/wp-json\/wp\/v2\/users\/1"}],"replies":[{"embeddable":true,"href":"https:\/\/silagemachinery.com\/vi\/wp-json\/wp\/v2\/comments?post=9"}],"version-history":[{"count":0,"href":"https:\/\/silagemachinery.com\/vi\/wp-json\/wp\/v2\/pages\/9\/revisions"}],"wp:attachment":[{"href":"https:\/\/silagemachinery.com\/vi\/wp-json\/wp\/v2\/media?parent=9"}],"curies":[{"name":"wp","href":"https:\/\/api.w.org\/{rel}","templated":true}]}}